{"id":4247,"date":"2025-11-19T11:41:28","date_gmt":"2025-11-19T10:41:28","guid":{"rendered":"https:\/\/wildsample.de\/?post_type=product&#038;p=4247"},"modified":"2026-01-23T20:11:27","modified_gmt":"2026-01-23T19:11:27","slug":"smart-move-ninja","status":"publish","type":"product","link":"https:\/\/wildsample.de\/en\/produkt\/smart-move-ninja\/","title":{"rendered":"Smart Move Ninja &#8211; Berlinale Preparation Class"},"content":{"rendered":"[vc_row type=&#8221;in_container&#8221; full_screen_row_position=&#8221;middle&#8221; column_margin=&#8221;default&#8221; column_direction=&#8221;default&#8221; column_direction_tablet=&#8221;default&#8221; column_direction_phone=&#8221;default&#8221; scene_position=&#8221;center&#8221; text_color=&#8221;dark&#8221; text_align=&#8221;left&#8221; row_border_radius=&#8221;none&#8221; row_border_radius_applies=&#8221;bg&#8221; row_position_desktop=&#8221;default&#8221; row_position_tablet=&#8221;inherit&#8221; row_position_phone=&#8221;inherit&#8221; overflow=&#8221;visible&#8221; overlay_strength=&#8221;0.3&#8243; gradient_direction=&#8221;left_to_right&#8221; shape_divider_position=&#8221;bottom&#8221; bg_image_animation=&#8221;none&#8221;][vc_column column_padding=&#8221;no-extra-padding&#8221; column_padding_tablet=&#8221;inherit&#8221; column_padding_phone=&#8221;inherit&#8221; column_padding_position=&#8221;all&#8221; flex_gap_desktop=&#8221;10px&#8221; column_element_direction_desktop=&#8221;default&#8221; column_element_spacing=&#8221;default&#8221; desktop_text_alignment=&#8221;default&#8221; tablet_text_alignment=&#8221;default&#8221; phone_text_alignment=&#8221;default&#8221; background_color_opacity=&#8221;1&#8243; background_hover_color_opacity=&#8221;1&#8243; column_backdrop_filter=&#8221;none&#8221; column_shadow=&#8221;none&#8221; column_border_radius=&#8221;none&#8221; column_link_target=&#8221;_self&#8221; column_position=&#8221;default&#8221; gradient_direction=&#8221;left_to_right&#8221; overlay_strength=&#8221;0.3&#8243; width=&#8221;1\/1&#8243; tablet_width_inherit=&#8221;default&#8221; animation_type=&#8221;default&#8221; bg_image_animation=&#8221;none&#8221; border_type=&#8221;simple&#8221; column_border_width=&#8221;none&#8221; column_border_style=&#8221;solid&#8221;][vc_column_text css=&#8221;&#8221; text_direction=&#8221;default&#8221;]\n<h2>Smart Move Ninja \ud83e\udd77\ud83c\udffb<\/h2>\n<p>Die BERLINALE 2026 steht vor der T\u00fcr &#8211; are you ready for it?<\/p>\n<h2 data-start=\"2274\" data-end=\"2332\"><strong data-start=\"2277\" data-end=\"2332\">SMART MOVE NINJA \ud83e\udd77\ud83c\udffb \u2013 Prepping for BERLINALE 2026<\/strong><\/h2>\n<p data-start=\"2334\" data-end=\"2601\">Die Berlinale ist f\u00fcr professionelle Schauspieler:innen einer der wertvollsten Orte des Jahres: Kontakte entstehen, Chancen \u00f6ffnen sich \u2013 <em data-start=\"2457\" data-end=\"2497\">aber nur f\u00fcr die, die vorbereitet sind<\/em>.<br data-start=\"2498\" data-end=\"2501\" \/>Unvorbereitet hingehen bedeutet: Gespr\u00e4che verlaufen im Sand, Chancen bleiben liegen, Zeit verpufft.<\/p>\n<p data-start=\"2603\" data-end=\"2745\"><strong data-start=\"2603\" data-end=\"2628\">SMART MOVE NINJA \ud83e\udd77\ud83c\udffb<\/strong> ist dein 3-st\u00fcndiger Strategieworkshop, der dich professionell, planvoll und sichtbar in die Berlinale 2026 schickt.<\/p>\n<p>Dieser Kurs richtet sich exklusiv an professionelle Schauspieler*innen, die Lust auf praktische Umsetzung und Eigeninitiative haben.<\/p>\n<h2 data-start=\"2752\" data-end=\"2795\"><strong data-start=\"2755\" data-end=\"2795\">Was du in SMART MOVE NINJA erreichst<\/strong><\/h2>\n<p data-start=\"2796\" data-end=\"2826\">Nach diesem Workshop wei\u00dft du:<\/p>\n<p data-start=\"2828\" data-end=\"3243\">\ud83e\udd77\ud83c\udffb <strong data-start=\"2833\" data-end=\"2877\">wie du relevante Kontakte identifizierst<\/strong> und gezielt vorbereitest<br data-start=\"2902\" data-end=\"2905\" \/>\ud83e\udd77\ud83c\udffb <strong data-start=\"2910\" data-end=\"2938\">wie du dich pr\u00e4sentierst<\/strong>, sodass du als professionelle:r Kolleg:in wahrgenommen wirst<br data-start=\"2999\" data-end=\"3002\" \/>\ud83e\udd77\ud83c\udffb <strong data-start=\"3007\" data-end=\"3036\">wie du E-Mails formuliert<\/strong>, die <em data-start=\"3042\" data-end=\"3077\">ge\u00f6ffnet, gelesen und beantwortet<\/em> werden<br data-start=\"3084\" data-end=\"3087\" \/>\ud83e\udd77\ud83c\udffb <strong data-start=\"3092\" data-end=\"3136\">wie du dein Material strategisch ordnest<\/strong> \u2013 national &amp; international<br data-start=\"3163\" data-end=\"3166\" \/>\ud83e\udd77\ud83c\udffb <strong data-start=\"3171\" data-end=\"3211\">wie du mit System in Gespr\u00e4che gehst<\/strong> statt \u201eeinfach auf gut Gl\u00fcck\u201c<\/p>\n<h2 data-start=\"3250\" data-end=\"3278\"><strong data-start=\"3253\" data-end=\"3278\">Inhalte des Workshops<\/strong><\/h2>\n<p data-start=\"3279\" data-end=\"3647\">\u2611\ufe0f Professionelles Portfolio: Was sichtbar sein muss \u2013 und was nicht<br data-start=\"3347\" data-end=\"3350\" \/>\u2611\ufe0f Dein Brand Statement f\u00fcr Bewerbungen, Gespr\u00e4che &amp; Networking<br data-start=\"3413\" data-end=\"3416\" \/>\u2611\ufe0f Kontaktstrategien f\u00fcr Casting Directors, Agenturen, Regie, Producing<br data-start=\"3487\" data-end=\"3490\" \/>\u2611\ufe0f Klare Textstrukturen, die nachweislich zu Antworten f\u00fchren<br data-start=\"3550\" data-end=\"3553\" \/>\u2611\ufe0f Konkrete Schritte, wie du dein Material auf nationale &amp; internationale M\u00e4rkte vorbereitet<\/p>\n<p>&nbsp;<\/p>\n<h2 data-start=\"3654\" data-end=\"3697\"><strong data-start=\"3657\" data-end=\"3697\">\ud83d\udd70\ufe0f Warum der Zeitpunkt entscheidend ist<\/strong><\/h2>\n<p data-start=\"3698\" data-end=\"3862\">Im Januar sind die Entscheidungstr\u00e4ger ansprechbar.<br data-start=\"3749\" data-end=\"3752\" \/>Wenn du <em data-start=\"3760\" data-end=\"3766\">dann<\/em> mit einem professionellen Portfolio + klaren Texten startest, profitierst du im Februar direkt.<\/p>\n<p data-start=\"3864\" data-end=\"3909\">Ohne Vorbereitung wird die Berlinale schnell:<\/p>\n<ul data-start=\"3910\" data-end=\"3975\">\n<li data-start=\"3910\" data-end=\"3926\">\n<p data-start=\"3912\" data-end=\"3926\">\u00fcberfordernd<\/p>\n<\/li>\n<li data-start=\"3927\" data-end=\"3939\">\n<p data-start=\"3929\" data-end=\"3939\">zuf\u00e4llig<\/p>\n<\/li>\n<li data-start=\"3940\" data-end=\"3958\">\n<p data-start=\"3942\" data-end=\"3958\">energieziehend<\/p>\n<\/li>\n<li data-start=\"3959\" data-end=\"3975\">\n<p data-start=\"3961\" data-end=\"3975\">frustrierend<\/p>\n<\/li>\n<\/ul>\n<p data-start=\"3977\" data-end=\"4003\">Mit Vorbereitung wird sie:<\/p>\n<ul data-start=\"4004\" data-end=\"4065\">\n<li data-start=\"4004\" data-end=\"4020\">\n<p data-start=\"4006\" data-end=\"4020\">strukturiert<\/p>\n<\/li>\n<li data-start=\"4021\" data-end=\"4034\">\n<p data-start=\"4023\" data-end=\"4034\">fruchtbar<\/p>\n<\/li>\n<li data-start=\"4035\" data-end=\"4050\">\n<p data-start=\"4037\" data-end=\"4050\">strategisch<\/p>\n<\/li>\n<li data-start=\"4051\" data-end=\"4065\">\n<p data-start=\"4053\" data-end=\"4065\">nachhaltig<\/p>\n<\/li>\n<\/ul>\n<h1 data-start=\"4072\" data-end=\"4087\"><strong data-start=\"4074\" data-end=\"4087\"><br \/>\nEditionen<\/strong><\/h1>\n<h2 data-start=\"4089\" data-end=\"4108\"><strong data-start=\"4092\" data-end=\"4108\">LIVE SESSION (einmaliger Kurs im Jahr 2025!)<\/strong><\/h2>\n<p data-start=\"4109\" data-end=\"4261\">\u2714 Live via Zoom (der Kurs wird aufgenommen)<br data-start=\"4124\" data-end=\"4127\" \/>\u2714 Intensives Q&amp;A mit individuellen Fragen<br data-start=\"4168\" data-end=\"4171\" \/>\u2714 Fr\u00fcher Zugriff auf alle Infos f\u00fcr l\u00e4ngere Vorbereitungszeit<br data-start=\"4232\" data-end=\"4235\" \/>\u2714 Aufzeichnung inklusive<br \/>\n\ud83d\udd70\ufe0f 30.11.2025 um 11 Uhr<\/p>\n<p><strong data-start=\"763\" data-end=\"794\">\u26a0\ufe0f Hinweis zur Aufzeichnung<\/strong><br data-start=\"794\" data-end=\"797\" \/>Diese Live-Session wird aufgezeichnet. In der Aufzeichnung k\u00f6nnen Bild und Ton der Teilnehmenden sichtbar oder h\u00f6rbar sein. Mit der Buchung best\u00e4tigst du, dass du <strong data-start=\"966\" data-end=\"1044\">der Aufzeichnung sowie deren sp\u00e4terer Nutzung als On-Demand-Kurs zustimmst<\/strong>.<br data-start=\"1045\" data-end=\"1048\" \/>Wenn du nicht sichtbar sein m\u00f6chtest, kannst du deine Kamera ausschalten und den Chat nutzen.<\/p>\n<h2 data-start=\"4371\" data-end=\"4390\"><strong data-start=\"4374\" data-end=\"4390\">AUFZEICHNUNG<\/strong><\/h2>\n<p data-start=\"4391\" data-end=\"4506\">\u2714 ca 2 Stunden On-Demand-Video (plus erforderliche Eigenarbeitszeit innerhalb des Kurses: ca 1,5 Stunden).<br data-start=\"4419\" data-end=\"4422\" \/>\u2714 Freie Zeiteinteilung<br data-start=\"4444\" data-end=\"4447\" \/>\u2714 Zugriff ab 08.12.2025<br data-start=\"4470\" data-end=\"4473\" \/>\u2714 Konstanter, g\u00fcnstigerer Preis<br \/>\n\ud83d\udd70\ufe0f in deiner eigenen Zeit<\/p>\n<p data-start=\"4508\" data-end=\"4539\"><strong data-start=\"4508\" data-end=\"4518\">Preis:<\/strong> <strong data-start=\"4519\" data-end=\"4539\">109 \u20ac inkl. MwSt<\/strong><\/p>\n[\/vc_column_text][\/vc_column][\/vc_row]\n","protected":false},"excerpt":{"rendered":"<h2>Smart Move Ninja \ud83e\udd77\ud83c\udffb<\/h2>\n<p>Die BERLINALE 2026 steht vor der T\u00fcr &#8211; are you ready for it?<\/p>\n<p>Jedes Jahr wird die Berlinale zum Schauplatz interessanter Begegnungen und zukunftsweisender Karriereschritte.<br \/>\nKontakte und Ideen werden gesponnen, Hoffnungen geweckt und Glamour verspr\u00fcht.<br \/>\nDoch ohne eine gut geplante Strategie ist dieses Filmfestival nur eines: frustrierend und l\u00e4hmend.<\/p>\n<p>Willkommen bei <strong>SMART MOVE NINJA<\/strong> \ud83e\udd77\ud83c\udffb &#8211; der Onlinekurs, der dich in ca 3 intensiven Stunden fit macht.<\/p>\n","protected":false},"featured_media":3865,"comment_status":"closed","ping_status":"closed","template":"","meta":[],"product_brand":[],"product_cat":[61,53,55],"product_tag":[],"class_list":{"0":"post-4247","1":"product","2":"type-product","3":"status-publish","4":"has-post-thumbnail","6":"product_cat-learning","7":"product_cat-online-class","8":"product_cat-wild-sample","10":"first","11":"outofstock","12":"downloadable","13":"virtual","14":"sold-individually","15":"taxable","16":"purchasable","17":"product-type-simple"},"yoast_head":"<!-- This site is optimized with the Yoast SEO plugin v27.3 - https:\/\/yoast.com\/product\/yoast-seo-wordpress\/ -->\n<title>Smart Move Ninja - Berlinale Preparation Class - Wild Sample Coaching<\/title>\n<meta name=\"robots\" content=\"index, follow, max-snippet:-1, max-image-preview:large, max-video-preview:-1\" \/>\n<link rel=\"canonical\" href=\"https:\/\/wildsample.de\/en\/produkt\/smart-move-ninja\/\" \/>\n<meta property=\"og:locale\" content=\"en_US\" \/>\n<meta property=\"og:type\" content=\"article\" \/>\n<meta property=\"og:title\" content=\"Smart Move Ninja - Berlinale Preparation Class - Wild Sample Coaching\" \/>\n<meta property=\"og:description\" content=\"Smart Move Ninja \ud83e\udd77\ud83c\udffb Die BERLINALE 2026 steht vor der T\u00fcr - are you ready for it?  Jedes Jahr wird die Berlinale zum Schauplatz interessanter Begegnungen und zukunftsweisender Karriereschritte. Kontakte und Ideen werden gesponnen, Hoffnungen geweckt und Glamour verspr\u00fcht. Doch ohne eine gut geplante Strategie ist dieses Filmfestival nur eines: frustrierend und l\u00e4hmend.  Willkommen bei SMART MOVE NINJA \ud83e\udd77\ud83c\udffb - der Onlinekurs, der dich in ca 3 intensiven Stunden fit macht.\" \/>\n<meta property=\"og:url\" content=\"https:\/\/wildsample.de\/en\/produkt\/smart-move-ninja\/\" \/>\n<meta property=\"og:site_name\" content=\"Wild Sample Coaching\" \/>\n<meta property=\"article:modified_time\" content=\"2026-01-23T19:11:27+00:00\" \/>\n<meta property=\"og:image\" content=\"https:\/\/wildsample.de\/wp-content\/uploads\/2024\/12\/Postings-Wild-Sample-44.png\" \/>\n\t<meta property=\"og:image:width\" content=\"1080\" \/>\n\t<meta property=\"og:image:height\" content=\"1080\" \/>\n\t<meta property=\"og:image:type\" content=\"image\/png\" \/>\n<meta name=\"twitter:card\" content=\"summary_large_image\" \/>\n<meta name=\"twitter:label1\" content=\"Est. reading time\" \/>\n\t<meta name=\"twitter:data1\" content=\"3 minutes\" \/>\n<script type=\"application\/ld+json\" class=\"yoast-schema-graph\">{\"@context\":\"https:\\\/\\\/schema.org\",\"@graph\":[{\"@type\":\"WebPage\",\"@id\":\"https:\\\/\\\/wildsample.de\\\/en\\\/produkt\\\/smart-move-ninja\\\/\",\"url\":\"https:\\\/\\\/wildsample.de\\\/en\\\/produkt\\\/smart-move-ninja\\\/\",\"name\":\"Smart Move Ninja - Berlinale Preparation Class - Wild Sample Coaching\",\"isPartOf\":{\"@id\":\"https:\\\/\\\/wildsample.de\\\/en\\\/#website\"},\"primaryImageOfPage\":{\"@id\":\"https:\\\/\\\/wildsample.de\\\/en\\\/produkt\\\/smart-move-ninja\\\/#primaryimage\"},\"image\":{\"@id\":\"https:\\\/\\\/wildsample.de\\\/en\\\/produkt\\\/smart-move-ninja\\\/#primaryimage\"},\"thumbnailUrl\":\"https:\\\/\\\/wildsample.de\\\/wp-content\\\/uploads\\\/2024\\\/12\\\/Postings-Wild-Sample-44.png\",\"datePublished\":\"2025-11-19T10:41:28+00:00\",\"dateModified\":\"2026-01-23T19:11:27+00:00\",\"breadcrumb\":{\"@id\":\"https:\\\/\\\/wildsample.de\\\/en\\\/produkt\\\/smart-move-ninja\\\/#breadcrumb\"},\"inLanguage\":\"en-US\",\"potentialAction\":[{\"@type\":\"ReadAction\",\"target\":[\"https:\\\/\\\/wildsample.de\\\/en\\\/produkt\\\/smart-move-ninja\\\/\"]}]},{\"@type\":\"ImageObject\",\"inLanguage\":\"en-US\",\"@id\":\"https:\\\/\\\/wildsample.de\\\/en\\\/produkt\\\/smart-move-ninja\\\/#primaryimage\",\"url\":\"https:\\\/\\\/wildsample.de\\\/wp-content\\\/uploads\\\/2024\\\/12\\\/Postings-Wild-Sample-44.png\",\"contentUrl\":\"https:\\\/\\\/wildsample.de\\\/wp-content\\\/uploads\\\/2024\\\/12\\\/Postings-Wild-Sample-44.png\",\"width\":1080,\"height\":1080,\"caption\":\"Berlinale Vorbereitung Intensiv Workshop\"},{\"@type\":\"BreadcrumbList\",\"@id\":\"https:\\\/\\\/wildsample.de\\\/en\\\/produkt\\\/smart-move-ninja\\\/#breadcrumb\",\"itemListElement\":[{\"@type\":\"ListItem\",\"position\":1,\"name\":\"Startseite\",\"item\":\"https:\\\/\\\/wildsample.de\\\/en\\\/make-a-sample\\\/\"},{\"@type\":\"ListItem\",\"position\":2,\"name\":\"Store\",\"item\":\"https:\\\/\\\/wildsample.de\\\/en\\\/shop-3\\\/\"},{\"@type\":\"ListItem\",\"position\":3,\"name\":\"Smart Move Ninja &#8211; Berlinale Preparation Class\"}]},{\"@type\":\"WebSite\",\"@id\":\"https:\\\/\\\/wildsample.de\\\/en\\\/#website\",\"url\":\"https:\\\/\\\/wildsample.de\\\/en\\\/\",\"name\":\"Wild Sample Coaching\",\"description\":\"Artificial Intelligence for actors\",\"potentialAction\":[{\"@type\":\"SearchAction\",\"target\":{\"@type\":\"EntryPoint\",\"urlTemplate\":\"https:\\\/\\\/wildsample.de\\\/en\\\/?s={search_term_string}\"},\"query-input\":{\"@type\":\"PropertyValueSpecification\",\"valueRequired\":true,\"valueName\":\"search_term_string\"}}],\"inLanguage\":\"en-US\"}]}<\/script>\n<!-- \/ Yoast SEO plugin. -->","yoast_head_json":{"title":"Smart Move Ninja - Berlinale Preparation Class - Wild Sample Coaching","robots":{"index":"index","follow":"follow","max-snippet":"max-snippet:-1","max-image-preview":"max-image-preview:large","max-video-preview":"max-video-preview:-1"},"canonical":"https:\/\/wildsample.de\/en\/produkt\/smart-move-ninja\/","og_locale":"en_US","og_type":"article","og_title":"Smart Move Ninja - Berlinale Preparation Class - Wild Sample Coaching","og_description":"Smart Move Ninja \ud83e\udd77\ud83c\udffb Die BERLINALE 2026 steht vor der T\u00fcr - are you ready for it?  Jedes Jahr wird die Berlinale zum Schauplatz interessanter Begegnungen und zukunftsweisender Karriereschritte. Kontakte und Ideen werden gesponnen, Hoffnungen geweckt und Glamour verspr\u00fcht. Doch ohne eine gut geplante Strategie ist dieses Filmfestival nur eines: frustrierend und l\u00e4hmend.  Willkommen bei SMART MOVE NINJA \ud83e\udd77\ud83c\udffb - der Onlinekurs, der dich in ca 3 intensiven Stunden fit macht.","og_url":"https:\/\/wildsample.de\/en\/produkt\/smart-move-ninja\/","og_site_name":"Wild Sample Coaching","article_modified_time":"2026-01-23T19:11:27+00:00","og_image":[{"width":1080,"height":1080,"url":"https:\/\/wildsample.de\/wp-content\/uploads\/2024\/12\/Postings-Wild-Sample-44.png","type":"image\/png"}],"twitter_card":"summary_large_image","twitter_misc":{"Est. reading time":"3 minutes"},"schema":{"@context":"https:\/\/schema.org","@graph":[{"@type":"WebPage","@id":"https:\/\/wildsample.de\/en\/produkt\/smart-move-ninja\/","url":"https:\/\/wildsample.de\/en\/produkt\/smart-move-ninja\/","name":"Smart Move Ninja - Berlinale Preparation Class - Wild Sample Coaching","isPartOf":{"@id":"https:\/\/wildsample.de\/en\/#website"},"primaryImageOfPage":{"@id":"https:\/\/wildsample.de\/en\/produkt\/smart-move-ninja\/#primaryimage"},"image":{"@id":"https:\/\/wildsample.de\/en\/produkt\/smart-move-ninja\/#primaryimage"},"thumbnailUrl":"https:\/\/wildsample.de\/wp-content\/uploads\/2024\/12\/Postings-Wild-Sample-44.png","datePublished":"2025-11-19T10:41:28+00:00","dateModified":"2026-01-23T19:11:27+00:00","breadcrumb":{"@id":"https:\/\/wildsample.de\/en\/produkt\/smart-move-ninja\/#breadcrumb"},"inLanguage":"en-US","potentialAction":[{"@type":"ReadAction","target":["https:\/\/wildsample.de\/en\/produkt\/smart-move-ninja\/"]}]},{"@type":"ImageObject","inLanguage":"en-US","@id":"https:\/\/wildsample.de\/en\/produkt\/smart-move-ninja\/#primaryimage","url":"https:\/\/wildsample.de\/wp-content\/uploads\/2024\/12\/Postings-Wild-Sample-44.png","contentUrl":"https:\/\/wildsample.de\/wp-content\/uploads\/2024\/12\/Postings-Wild-Sample-44.png","width":1080,"height":1080,"caption":"Berlinale Vorbereitung Intensiv Workshop"},{"@type":"BreadcrumbList","@id":"https:\/\/wildsample.de\/en\/produkt\/smart-move-ninja\/#breadcrumb","itemListElement":[{"@type":"ListItem","position":1,"name":"Startseite","item":"https:\/\/wildsample.de\/en\/make-a-sample\/"},{"@type":"ListItem","position":2,"name":"Store","item":"https:\/\/wildsample.de\/en\/shop-3\/"},{"@type":"ListItem","position":3,"name":"Smart Move Ninja &#8211; Berlinale Preparation Class"}]},{"@type":"WebSite","@id":"https:\/\/wildsample.de\/en\/#website","url":"https:\/\/wildsample.de\/en\/","name":"Wild Sample Coaching","description":"Artificial Intelligence for actors","potentialAction":[{"@type":"SearchAction","target":{"@type":"EntryPoint","urlTemplate":"https:\/\/wildsample.de\/en\/?s={search_term_string}"},"query-input":{"@type":"PropertyValueSpecification","valueRequired":true,"valueName":"search_term_string"}}],"inLanguage":"en-US"}]}},"_links":{"self":[{"href":"https:\/\/wildsample.de\/en\/wp-json\/wp\/v2\/product\/4247","targetHints":{"allow":["GET"]}}],"collection":[{"href":"https:\/\/wildsample.de\/en\/wp-json\/wp\/v2\/product"}],"about":[{"href":"https:\/\/wildsample.de\/en\/wp-json\/wp\/v2\/types\/product"}],"replies":[{"embeddable":true,"href":"https:\/\/wildsample.de\/en\/wp-json\/wp\/v2\/comments?post=4247"}],"wp:featuredmedia":[{"embeddable":true,"href":"https:\/\/wildsample.de\/en\/wp-json\/wp\/v2\/media\/3865"}],"wp:attachment":[{"href":"https:\/\/wildsample.de\/en\/wp-json\/wp\/v2\/media?parent=4247"}],"wp:term":[{"taxonomy":"product_brand","embeddable":true,"href":"https:\/\/wildsample.de\/en\/wp-json\/wp\/v2\/product_brand?post=4247"},{"taxonomy":"product_cat","embeddable":true,"href":"https:\/\/wildsample.de\/en\/wp-json\/wp\/v2\/product_cat?post=4247"},{"taxonomy":"product_tag","embeddable":true,"href":"https:\/\/wildsample.de\/en\/wp-json\/wp\/v2\/product_tag?post=4247"}],"curies":[{"name":"wp","href":"https:\/\/api.w.org\/{rel}","templated":true}]}}