{"id":4164,"date":"2025-10-11T14:36:37","date_gmt":"2025-10-11T12:36:37","guid":{"rendered":"https:\/\/wildsample.de\/?post_type=product&#038;p=4164"},"modified":"2025-10-12T10:25:28","modified_gmt":"2025-10-12T08:25:28","slug":"die-kunst-des-konterns","status":"publish","type":"product","link":"https:\/\/wildsample.de\/en\/produkt\/die-kunst-des-konterns\/","title":{"rendered":"Die Kunst des Konterns"},"content":{"rendered":"<p><em><strong>&#8220;Oh, du bist Schauspieler*in &#8211; woher kann ich dich denn kennen?&#8221;<\/strong><\/em><\/p>\n<p><em><strong>&#8220;Ich hab&#8217; dich neulich im Fernsehen gesehen! Was kriegt man denn f\u00fcr so einen Drehtag?!&#8221;<\/strong><\/em><\/p>\n<p><em><strong>&#8220;Du spielst ja immer nur Nebenrollen &#8211; ist das nicht langweilig?&#8221;<\/strong><\/em><\/p>\n<p>Wenn dich eine dieser Fragen zuverl\u00e4ssig ins Stottern bringen, oder vor Wut sch\u00e4umen lassen, brauchst du diesen Workshop.<br \/>\nMit 4 zuverl\u00e4ssigen Techniken aus der Verhandlungsstrategie zeige ich dir, wie du diese und weitere \u00fcbergriffige Fragen mit Eleganz, Souver\u00e4nit\u00e4t und HUMOR meisterst. Kontern, ohne jedes Gef\u00fchl der Enge oder passiven Aggressivit\u00e4t. DIE KUNST DES KONTERNS. Verf\u00fcgbar, wann immer du es brauchst. Dieser Kurs ist on demand, du kannst ihn machen, wann du es brauchst.<\/p>\n<p>Das Workbook zum Kurs liefert dir Beispiele, die du sofort anwenden kannst.<\/p>\n<p><strong>FAKTEN<\/strong><\/p>\n<ul>\n<li>Workshop on demand (23 Minuten L\u00e4nge): 4 Techniken aus der Verhandlungsstrategie.<\/li>\n<li>Workbook mit den genauen Techniken und Beispielen zum direkten Anwenden.<\/li>\n<li>79\u20ac inklusive Mehrwertsteuer<\/li>\n<\/ul>\n<p><strong>PS:<\/strong> Don&#8217;t forget: bald ist Weihnachten und Onkel Hotte wird wieder &#8211; wie jedes Jahr &#8211; fragen: <em>&#8220;Naaa, schauspielerst du immer noch?&#8221;<\/em> (Mach&#8217; dir selbst ein Geschenk und gib ihm eine Antwort, die ich ruhig werden l\u00e4sst. Ihn \u00fcbrigens auch!)<\/p>\n","protected":false},"excerpt":{"rendered":"<p>Mit 4 effektiven Techniken aus der professionellen Verhandlungsstrategie gelingt es dir,<br \/>\nunangenehme Fragen fortan souver\u00e4n, mit Leichtigkeit und Eleganz zu meistern.<\/p>\n<p>DIE KUNST DES KONTERNS ist ein pr\u00e4ziser, handlungsorientierter Workshop, der dir die Autonomie zur\u00fcck schenkt,<br \/>\ndie du sonst f\u00e4usteballend vermisst.<\/p>\n","protected":false},"featured_media":4165,"comment_status":"closed","ping_status":"closed","template":"","meta":[],"product_brand":[],"product_cat":[71],"product_tag":[],"class_list":{"0":"post-4164","1":"product","2":"type-product","3":"status-publish","4":"has-post-thumbnail","6":"product_cat-workshop","8":"first","9":"instock","10":"downloadable","11":"virtual","12":"taxable","13":"purchasable","14":"product-type-simple"},"yoast_head":"<!-- This site is optimized with the Yoast SEO plugin v27.3 - https:\/\/yoast.com\/product\/yoast-seo-wordpress\/ -->\n<title>Die Kunst des Konterns - Wild Sample Coaching<\/title>\n<meta name=\"description\" content=\"In dem Moment, wo du auf eine dieser Fragen antwortest, sitzt du in der Falle: Brand, Block, Reason, Articulate, Navigate, Deflect\" \/>\n<meta name=\"robots\" content=\"index, follow, max-snippet:-1, max-image-preview:large, max-video-preview:-1\" \/>\n<link rel=\"canonical\" href=\"https:\/\/wildsample.de\/en\/produkt\/die-kunst-des-konterns\/\" \/>\n<meta property=\"og:locale\" content=\"en_US\" \/>\n<meta property=\"og:type\" content=\"article\" \/>\n<meta property=\"og:title\" content=\"Die Kunst des Konterns - Wild Sample Coaching\" \/>\n<meta property=\"og:description\" content=\"In dem Moment, wo du auf eine dieser Fragen antwortest, sitzt du in der Falle: Brand, Block, Reason, Articulate, Navigate, Deflect\" \/>\n<meta property=\"og:url\" content=\"https:\/\/wildsample.de\/en\/produkt\/die-kunst-des-konterns\/\" \/>\n<meta property=\"og:site_name\" content=\"Wild Sample Coaching\" \/>\n<meta property=\"article:modified_time\" content=\"2025-10-12T08:25:28+00:00\" \/>\n<meta property=\"og:image\" content=\"https:\/\/wildsample.de\/wp-content\/uploads\/2025\/10\/workshop.png\" \/>\n\t<meta property=\"og:image:width\" content=\"1406\" \/>\n\t<meta property=\"og:image:height\" content=\"1406\" \/>\n\t<meta property=\"og:image:type\" content=\"image\/png\" \/>\n<meta name=\"twitter:card\" content=\"summary_large_image\" \/>\n<meta name=\"twitter:label1\" content=\"Est. reading time\" \/>\n\t<meta name=\"twitter:data1\" content=\"2 minutes\" \/>\n<script type=\"application\/ld+json\" class=\"yoast-schema-graph\">{\"@context\":\"https:\\\/\\\/schema.org\",\"@graph\":[{\"@type\":\"WebPage\",\"@id\":\"https:\\\/\\\/wildsample.de\\\/en\\\/produkt\\\/die-kunst-des-konterns\\\/\",\"url\":\"https:\\\/\\\/wildsample.de\\\/en\\\/produkt\\\/die-kunst-des-konterns\\\/\",\"name\":\"Die Kunst des Konterns - Wild Sample Coaching\",\"isPartOf\":{\"@id\":\"https:\\\/\\\/wildsample.de\\\/en\\\/#website\"},\"primaryImageOfPage\":{\"@id\":\"https:\\\/\\\/wildsample.de\\\/en\\\/produkt\\\/die-kunst-des-konterns\\\/#primaryimage\"},\"image\":{\"@id\":\"https:\\\/\\\/wildsample.de\\\/en\\\/produkt\\\/die-kunst-des-konterns\\\/#primaryimage\"},\"thumbnailUrl\":\"https:\\\/\\\/wildsample.de\\\/wp-content\\\/uploads\\\/2025\\\/10\\\/workshop.png\",\"datePublished\":\"2025-10-11T12:36:37+00:00\",\"dateModified\":\"2025-10-12T08:25:28+00:00\",\"description\":\"In dem Moment, wo du auf eine dieser Fragen antwortest, sitzt du in der Falle: Brand, Block, Reason, Articulate, Navigate, Deflect\",\"breadcrumb\":{\"@id\":\"https:\\\/\\\/wildsample.de\\\/en\\\/produkt\\\/die-kunst-des-konterns\\\/#breadcrumb\"},\"inLanguage\":\"en-US\",\"potentialAction\":[{\"@type\":\"ReadAction\",\"target\":[\"https:\\\/\\\/wildsample.de\\\/en\\\/produkt\\\/die-kunst-des-konterns\\\/\"]}]},{\"@type\":\"ImageObject\",\"inLanguage\":\"en-US\",\"@id\":\"https:\\\/\\\/wildsample.de\\\/en\\\/produkt\\\/die-kunst-des-konterns\\\/#primaryimage\",\"url\":\"https:\\\/\\\/wildsample.de\\\/wp-content\\\/uploads\\\/2025\\\/10\\\/workshop.png\",\"contentUrl\":\"https:\\\/\\\/wildsample.de\\\/wp-content\\\/uploads\\\/2025\\\/10\\\/workshop.png\",\"width\":1406,\"height\":1406,\"caption\":\"Workshop Die Kunst des Konterns\"},{\"@type\":\"BreadcrumbList\",\"@id\":\"https:\\\/\\\/wildsample.de\\\/en\\\/produkt\\\/die-kunst-des-konterns\\\/#breadcrumb\",\"itemListElement\":[{\"@type\":\"ListItem\",\"position\":1,\"name\":\"Startseite\",\"item\":\"https:\\\/\\\/wildsample.de\\\/en\\\/make-a-sample\\\/\"},{\"@type\":\"ListItem\",\"position\":2,\"name\":\"Store\",\"item\":\"https:\\\/\\\/wildsample.de\\\/en\\\/shop-3\\\/\"},{\"@type\":\"ListItem\",\"position\":3,\"name\":\"Die Kunst des Konterns\"}]},{\"@type\":\"WebSite\",\"@id\":\"https:\\\/\\\/wildsample.de\\\/en\\\/#website\",\"url\":\"https:\\\/\\\/wildsample.de\\\/en\\\/\",\"name\":\"Wild Sample Coaching\",\"description\":\"Artificial Intelligence for actors\",\"potentialAction\":[{\"@type\":\"SearchAction\",\"target\":{\"@type\":\"EntryPoint\",\"urlTemplate\":\"https:\\\/\\\/wildsample.de\\\/en\\\/?s={search_term_string}\"},\"query-input\":{\"@type\":\"PropertyValueSpecification\",\"valueRequired\":true,\"valueName\":\"search_term_string\"}}],\"inLanguage\":\"en-US\"}]}<\/script>\n<!-- \/ Yoast SEO plugin. -->","yoast_head_json":{"title":"Die Kunst des Konterns - Wild Sample Coaching","description":"In dem Moment, wo du auf eine dieser Fragen antwortest, sitzt du in der Falle: Brand, Block, Reason, Articulate, Navigate, Deflect","robots":{"index":"index","follow":"follow","max-snippet":"max-snippet:-1","max-image-preview":"max-image-preview:large","max-video-preview":"max-video-preview:-1"},"canonical":"https:\/\/wildsample.de\/en\/produkt\/die-kunst-des-konterns\/","og_locale":"en_US","og_type":"article","og_title":"Die Kunst des Konterns - Wild Sample Coaching","og_description":"In dem Moment, wo du auf eine dieser Fragen antwortest, sitzt du in der Falle: Brand, Block, Reason, Articulate, Navigate, Deflect","og_url":"https:\/\/wildsample.de\/en\/produkt\/die-kunst-des-konterns\/","og_site_name":"Wild Sample Coaching","article_modified_time":"2025-10-12T08:25:28+00:00","og_image":[{"width":1406,"height":1406,"url":"https:\/\/wildsample.de\/wp-content\/uploads\/2025\/10\/workshop.png","type":"image\/png"}],"twitter_card":"summary_large_image","twitter_misc":{"Est. reading time":"2 minutes"},"schema":{"@context":"https:\/\/schema.org","@graph":[{"@type":"WebPage","@id":"https:\/\/wildsample.de\/en\/produkt\/die-kunst-des-konterns\/","url":"https:\/\/wildsample.de\/en\/produkt\/die-kunst-des-konterns\/","name":"Die Kunst des Konterns - Wild Sample Coaching","isPartOf":{"@id":"https:\/\/wildsample.de\/en\/#website"},"primaryImageOfPage":{"@id":"https:\/\/wildsample.de\/en\/produkt\/die-kunst-des-konterns\/#primaryimage"},"image":{"@id":"https:\/\/wildsample.de\/en\/produkt\/die-kunst-des-konterns\/#primaryimage"},"thumbnailUrl":"https:\/\/wildsample.de\/wp-content\/uploads\/2025\/10\/workshop.png","datePublished":"2025-10-11T12:36:37+00:00","dateModified":"2025-10-12T08:25:28+00:00","description":"In dem Moment, wo du auf eine dieser Fragen antwortest, sitzt du in der Falle: Brand, Block, Reason, Articulate, Navigate, Deflect","breadcrumb":{"@id":"https:\/\/wildsample.de\/en\/produkt\/die-kunst-des-konterns\/#breadcrumb"},"inLanguage":"en-US","potentialAction":[{"@type":"ReadAction","target":["https:\/\/wildsample.de\/en\/produkt\/die-kunst-des-konterns\/"]}]},{"@type":"ImageObject","inLanguage":"en-US","@id":"https:\/\/wildsample.de\/en\/produkt\/die-kunst-des-konterns\/#primaryimage","url":"https:\/\/wildsample.de\/wp-content\/uploads\/2025\/10\/workshop.png","contentUrl":"https:\/\/wildsample.de\/wp-content\/uploads\/2025\/10\/workshop.png","width":1406,"height":1406,"caption":"Workshop Die Kunst des Konterns"},{"@type":"BreadcrumbList","@id":"https:\/\/wildsample.de\/en\/produkt\/die-kunst-des-konterns\/#breadcrumb","itemListElement":[{"@type":"ListItem","position":1,"name":"Startseite","item":"https:\/\/wildsample.de\/en\/make-a-sample\/"},{"@type":"ListItem","position":2,"name":"Store","item":"https:\/\/wildsample.de\/en\/shop-3\/"},{"@type":"ListItem","position":3,"name":"Die Kunst des Konterns"}]},{"@type":"WebSite","@id":"https:\/\/wildsample.de\/en\/#website","url":"https:\/\/wildsample.de\/en\/","name":"Wild Sample Coaching","description":"Artificial Intelligence for actors","potentialAction":[{"@type":"SearchAction","target":{"@type":"EntryPoint","urlTemplate":"https:\/\/wildsample.de\/en\/?s={search_term_string}"},"query-input":{"@type":"PropertyValueSpecification","valueRequired":true,"valueName":"search_term_string"}}],"inLanguage":"en-US"}]}},"_links":{"self":[{"href":"https:\/\/wildsample.de\/en\/wp-json\/wp\/v2\/product\/4164","targetHints":{"allow":["GET"]}}],"collection":[{"href":"https:\/\/wildsample.de\/en\/wp-json\/wp\/v2\/product"}],"about":[{"href":"https:\/\/wildsample.de\/en\/wp-json\/wp\/v2\/types\/product"}],"replies":[{"embeddable":true,"href":"https:\/\/wildsample.de\/en\/wp-json\/wp\/v2\/comments?post=4164"}],"wp:featuredmedia":[{"embeddable":true,"href":"https:\/\/wildsample.de\/en\/wp-json\/wp\/v2\/media\/4165"}],"wp:attachment":[{"href":"https:\/\/wildsample.de\/en\/wp-json\/wp\/v2\/media?parent=4164"}],"wp:term":[{"taxonomy":"product_brand","embeddable":true,"href":"https:\/\/wildsample.de\/en\/wp-json\/wp\/v2\/product_brand?post=4164"},{"taxonomy":"product_cat","embeddable":true,"href":"https:\/\/wildsample.de\/en\/wp-json\/wp\/v2\/product_cat?post=4164"},{"taxonomy":"product_tag","embeddable":true,"href":"https:\/\/wildsample.de\/en\/wp-json\/wp\/v2\/product_tag?post=4164"}],"curies":[{"name":"wp","href":"https:\/\/api.w.org\/{rel}","templated":true}]}}