{"id":4063,"date":"2025-07-16T17:18:40","date_gmt":"2025-07-16T15:18:40","guid":{"rendered":"https:\/\/wildsample.de\/?post_type=product&#038;p=4063"},"modified":"2026-01-03T17:56:48","modified_gmt":"2026-01-03T16:56:48","slug":"archetype-club-for-members-only","status":"publish","type":"product","link":"https:\/\/wildsample.de\/en\/produkt\/archetype-club-for-members-only\/","title":{"rendered":"Archetype Club &#8211; for members only!"},"content":{"rendered":"[vc_row type=&#8221;in_container&#8221; full_screen_row_position=&#8221;middle&#8221; column_margin=&#8221;default&#8221; column_direction=&#8221;default&#8221; column_direction_tablet=&#8221;default&#8221; column_direction_phone=&#8221;default&#8221; scene_position=&#8221;center&#8221; text_color=&#8221;dark&#8221; text_align=&#8221;left&#8221; row_border_radius=&#8221;none&#8221; row_border_radius_applies=&#8221;bg&#8221; row_position_desktop=&#8221;default&#8221; row_position_tablet=&#8221;inherit&#8221; row_position_phone=&#8221;inherit&#8221; overflow=&#8221;visible&#8221; overlay_strength=&#8221;0.3&#8243; gradient_direction=&#8221;left_to_right&#8221; shape_divider_position=&#8221;bottom&#8221; bg_image_animation=&#8221;none&#8221;][vc_column column_padding=&#8221;no-extra-padding&#8221; column_padding_tablet=&#8221;inherit&#8221; column_padding_phone=&#8221;inherit&#8221; column_padding_position=&#8221;all&#8221; flex_gap_desktop=&#8221;10px&#8221; column_element_direction_desktop=&#8221;default&#8221; column_element_spacing=&#8221;default&#8221; desktop_text_alignment=&#8221;default&#8221; tablet_text_alignment=&#8221;default&#8221; phone_text_alignment=&#8221;default&#8221; background_color_opacity=&#8221;1&#8243; background_hover_color_opacity=&#8221;1&#8243; column_backdrop_filter=&#8221;none&#8221; column_shadow=&#8221;none&#8221; column_border_radius=&#8221;none&#8221; column_link_target=&#8221;_self&#8221; column_position=&#8221;default&#8221; gradient_direction=&#8221;left_to_right&#8221; overlay_strength=&#8221;0.3&#8243; width=&#8221;1\/1&#8243; tablet_width_inherit=&#8221;default&#8221; animation_type=&#8221;default&#8221; bg_image_animation=&#8221;none&#8221; border_type=&#8221;simple&#8221; column_border_width=&#8221;none&#8221; column_border_style=&#8221;solid&#8221;][vc_column_text css=&#8221;&#8221; text_direction=&#8221;default&#8221;]\n<h3>Archetype Club \ud83e\udd89<\/h3>\n<p>Dieses Training ist <strong>exklusiv f\u00fcr alle Alumnae des BRAND IT, BABY! Kurses<\/strong>. Eine Teilnahme ist nur m\u00f6glich,<br \/>\nwenn du diesen Kurs durchlaufen hast.<\/p>\n<p>&nbsp;<\/p>\n<p>Der ARCHETYPE CLUB findet zweimal im Monat statt. Es k\u00f6nnen immer <strong>maximal 8 Alumnae aktiv<\/strong> teilnehmen, <strong>passiv ist die Teilnahmezahl unbegrenzt.<\/strong><\/p>\n<p><strong>HOW TO:<\/strong><\/p>\n<p>Nach Anmeldung erhaltet ihr eine Mail mit Szenen, aus denen ihr euch eine aussucht und sie mit einem eurer Archetypen aufnehmt. Bis zur angegebenen Deadline ladet ihr sie in den Driveordner hoch. Den Link dazu findet ihr ebenfalls in der Email. Wichtig ist, da\u00df alle Teilnehmer*innen (aktiv UND passiv) sich die Videos der anderen vor der gemeinsamen Session anschauen.<\/p>\n<p>Das Feedback erhaltet ihr innerhalb unserer Session.<\/p>\n<p><b>TERMINE:<br \/>\nERST WIEDER AB CA APRIL 2026!<\/b><\/p>\n<p>\ud83d\udea8 Wenn ihr euch ein Ticket bucht, schreibt bitte in die Notes, an welchem Termin ihr teilnehmen m\u00f6chtet.<\/p>\n<p><strong>KOSTEN:<br \/>\n<\/strong>35\u20ac inkl MwSt aktiv<br \/>\n0\u20ac passiv[\/vc_column_text][\/vc_column][\/vc_row]\n","protected":false},"excerpt":{"rendered":"<h3>Archetype Club \ud83e\udd89<\/h3>\n<p>Dieses Training ist <strong>exklusiv f\u00fcr alle Alumnae des BRAND IT, BABY! Kurses<\/strong>. Eine Teilnahme ist nur m\u00f6glich,<br \/>\nwenn du diesen Kurs durchlaufen hast.<\/p>\n<p>Der ARCHETYPE CLUB findet zweimal im Monat statt. Es k\u00f6nnen immer <strong>maximal 8 Alumnae aktiv<\/strong> teilnehmen, <strong>passiv ist die Teilnahmezahl unbegrenzt.<\/strong><\/p>\n","protected":false},"featured_media":4064,"comment_status":"closed","ping_status":"closed","template":"","meta":[],"product_brand":[],"product_cat":[61,53,55],"product_tag":[],"class_list":{"0":"post-4063","1":"product","2":"type-product","3":"status-publish","4":"has-post-thumbnail","6":"product_cat-learning","7":"product_cat-online-class","8":"product_cat-wild-sample","10":"first","11":"instock","12":"virtual","13":"sold-individually","14":"taxable","15":"purchasable","16":"product-type-simple"},"yoast_head":"<!-- This site is optimized with the Yoast SEO plugin v27.5 - https:\/\/yoast.com\/product\/yoast-seo-wordpress\/ -->\n<title>Archetype Club - for members only! - Wild Sample Coaching<\/title>\n<meta name=\"robots\" content=\"index, follow, max-snippet:-1, max-image-preview:large, max-video-preview:-1\" \/>\n<link rel=\"canonical\" href=\"https:\/\/wildsample.de\/en\/produkt\/archetype-club-for-members-only\/\" \/>\n<meta property=\"og:locale\" content=\"en_US\" \/>\n<meta property=\"og:type\" content=\"article\" \/>\n<meta property=\"og:title\" content=\"Archetype Club - for members only! - Wild Sample Coaching\" \/>\n<meta property=\"og:description\" content=\"Archetype Club \ud83e\udd89 Dieses Training ist exklusiv f\u00fcr alle Alumnae des BRAND IT, BABY! Kurses. Eine Teilnahme ist nur m\u00f6glich, wenn du diesen Kurs durchlaufen hast.  Der ARCHETYPE CLUB findet zweimal im Monat statt. Es k\u00f6nnen immer maximal 8 Alumnae aktiv teilnehmen, passiv ist die Teilnahmezahl unbegrenzt.\" \/>\n<meta property=\"og:url\" content=\"https:\/\/wildsample.de\/en\/produkt\/archetype-club-for-members-only\/\" \/>\n<meta property=\"og:site_name\" content=\"Wild Sample Coaching\" \/>\n<meta property=\"article:modified_time\" content=\"2026-01-03T16:56:48+00:00\" \/>\n<meta property=\"og:image\" content=\"https:\/\/wildsample.de\/wp-content\/uploads\/2025\/07\/Postings-Wild-Sample-53.png\" \/>\n\t<meta property=\"og:image:width\" content=\"1080\" \/>\n\t<meta property=\"og:image:height\" content=\"1080\" \/>\n\t<meta property=\"og:image:type\" content=\"image\/png\" \/>\n<meta name=\"twitter:card\" content=\"summary_large_image\" \/>\n<meta name=\"twitter:label1\" content=\"Est. reading time\" \/>\n\t<meta name=\"twitter:data1\" content=\"2 minutes\" \/>\n<script type=\"application\/ld+json\" class=\"yoast-schema-graph\">{\"@context\":\"https:\\\/\\\/schema.org\",\"@graph\":[{\"@type\":\"WebPage\",\"@id\":\"https:\\\/\\\/wildsample.de\\\/en\\\/produkt\\\/archetype-club-for-members-only\\\/\",\"url\":\"https:\\\/\\\/wildsample.de\\\/en\\\/produkt\\\/archetype-club-for-members-only\\\/\",\"name\":\"Archetype Club - for members only! - Wild Sample Coaching\",\"isPartOf\":{\"@id\":\"https:\\\/\\\/wildsample.de\\\/en\\\/#website\"},\"primaryImageOfPage\":{\"@id\":\"https:\\\/\\\/wildsample.de\\\/en\\\/produkt\\\/archetype-club-for-members-only\\\/#primaryimage\"},\"image\":{\"@id\":\"https:\\\/\\\/wildsample.de\\\/en\\\/produkt\\\/archetype-club-for-members-only\\\/#primaryimage\"},\"thumbnailUrl\":\"https:\\\/\\\/wildsample.de\\\/wp-content\\\/uploads\\\/2025\\\/07\\\/Postings-Wild-Sample-53.png\",\"datePublished\":\"2025-07-16T15:18:40+00:00\",\"dateModified\":\"2026-01-03T16:56:48+00:00\",\"breadcrumb\":{\"@id\":\"https:\\\/\\\/wildsample.de\\\/en\\\/produkt\\\/archetype-club-for-members-only\\\/#breadcrumb\"},\"inLanguage\":\"en-US\",\"potentialAction\":[{\"@type\":\"ReadAction\",\"target\":[\"https:\\\/\\\/wildsample.de\\\/en\\\/produkt\\\/archetype-club-for-members-only\\\/\"]}]},{\"@type\":\"ImageObject\",\"inLanguage\":\"en-US\",\"@id\":\"https:\\\/\\\/wildsample.de\\\/en\\\/produkt\\\/archetype-club-for-members-only\\\/#primaryimage\",\"url\":\"https:\\\/\\\/wildsample.de\\\/wp-content\\\/uploads\\\/2025\\\/07\\\/Postings-Wild-Sample-53.png\",\"contentUrl\":\"https:\\\/\\\/wildsample.de\\\/wp-content\\\/uploads\\\/2025\\\/07\\\/Postings-Wild-Sample-53.png\",\"width\":1080,\"height\":1080,\"caption\":\"Archetype Club\"},{\"@type\":\"BreadcrumbList\",\"@id\":\"https:\\\/\\\/wildsample.de\\\/en\\\/produkt\\\/archetype-club-for-members-only\\\/#breadcrumb\",\"itemListElement\":[{\"@type\":\"ListItem\",\"position\":1,\"name\":\"Startseite\",\"item\":\"https:\\\/\\\/wildsample.de\\\/en\\\/make-a-sample\\\/\"},{\"@type\":\"ListItem\",\"position\":2,\"name\":\"Store\",\"item\":\"https:\\\/\\\/wildsample.de\\\/en\\\/shop-3\\\/\"},{\"@type\":\"ListItem\",\"position\":3,\"name\":\"Archetype Club &#8211; for members only!\"}]},{\"@type\":\"WebSite\",\"@id\":\"https:\\\/\\\/wildsample.de\\\/en\\\/#website\",\"url\":\"https:\\\/\\\/wildsample.de\\\/en\\\/\",\"name\":\"Wild Sample Coaching\",\"description\":\"Artificial Intelligence for actors\",\"potentialAction\":[{\"@type\":\"SearchAction\",\"target\":{\"@type\":\"EntryPoint\",\"urlTemplate\":\"https:\\\/\\\/wildsample.de\\\/en\\\/?s={search_term_string}\"},\"query-input\":{\"@type\":\"PropertyValueSpecification\",\"valueRequired\":true,\"valueName\":\"search_term_string\"}}],\"inLanguage\":\"en-US\"}]}<\/script>\n<!-- \/ Yoast SEO plugin. -->","yoast_head_json":{"title":"Archetype Club - for members only! - Wild Sample Coaching","robots":{"index":"index","follow":"follow","max-snippet":"max-snippet:-1","max-image-preview":"max-image-preview:large","max-video-preview":"max-video-preview:-1"},"canonical":"https:\/\/wildsample.de\/en\/produkt\/archetype-club-for-members-only\/","og_locale":"en_US","og_type":"article","og_title":"Archetype Club - for members only! - Wild Sample Coaching","og_description":"Archetype Club \ud83e\udd89 Dieses Training ist exklusiv f\u00fcr alle Alumnae des BRAND IT, BABY! Kurses. Eine Teilnahme ist nur m\u00f6glich, wenn du diesen Kurs durchlaufen hast.  Der ARCHETYPE CLUB findet zweimal im Monat statt. Es k\u00f6nnen immer maximal 8 Alumnae aktiv teilnehmen, passiv ist die Teilnahmezahl unbegrenzt.","og_url":"https:\/\/wildsample.de\/en\/produkt\/archetype-club-for-members-only\/","og_site_name":"Wild Sample Coaching","article_modified_time":"2026-01-03T16:56:48+00:00","og_image":[{"width":1080,"height":1080,"url":"https:\/\/wildsample.de\/wp-content\/uploads\/2025\/07\/Postings-Wild-Sample-53.png","type":"image\/png"}],"twitter_card":"summary_large_image","twitter_misc":{"Est. reading time":"2 minutes"},"schema":{"@context":"https:\/\/schema.org","@graph":[{"@type":"WebPage","@id":"https:\/\/wildsample.de\/en\/produkt\/archetype-club-for-members-only\/","url":"https:\/\/wildsample.de\/en\/produkt\/archetype-club-for-members-only\/","name":"Archetype Club - for members only! - Wild Sample Coaching","isPartOf":{"@id":"https:\/\/wildsample.de\/en\/#website"},"primaryImageOfPage":{"@id":"https:\/\/wildsample.de\/en\/produkt\/archetype-club-for-members-only\/#primaryimage"},"image":{"@id":"https:\/\/wildsample.de\/en\/produkt\/archetype-club-for-members-only\/#primaryimage"},"thumbnailUrl":"https:\/\/wildsample.de\/wp-content\/uploads\/2025\/07\/Postings-Wild-Sample-53.png","datePublished":"2025-07-16T15:18:40+00:00","dateModified":"2026-01-03T16:56:48+00:00","breadcrumb":{"@id":"https:\/\/wildsample.de\/en\/produkt\/archetype-club-for-members-only\/#breadcrumb"},"inLanguage":"en-US","potentialAction":[{"@type":"ReadAction","target":["https:\/\/wildsample.de\/en\/produkt\/archetype-club-for-members-only\/"]}]},{"@type":"ImageObject","inLanguage":"en-US","@id":"https:\/\/wildsample.de\/en\/produkt\/archetype-club-for-members-only\/#primaryimage","url":"https:\/\/wildsample.de\/wp-content\/uploads\/2025\/07\/Postings-Wild-Sample-53.png","contentUrl":"https:\/\/wildsample.de\/wp-content\/uploads\/2025\/07\/Postings-Wild-Sample-53.png","width":1080,"height":1080,"caption":"Archetype Club"},{"@type":"BreadcrumbList","@id":"https:\/\/wildsample.de\/en\/produkt\/archetype-club-for-members-only\/#breadcrumb","itemListElement":[{"@type":"ListItem","position":1,"name":"Startseite","item":"https:\/\/wildsample.de\/en\/make-a-sample\/"},{"@type":"ListItem","position":2,"name":"Store","item":"https:\/\/wildsample.de\/en\/shop-3\/"},{"@type":"ListItem","position":3,"name":"Archetype Club &#8211; for members only!"}]},{"@type":"WebSite","@id":"https:\/\/wildsample.de\/en\/#website","url":"https:\/\/wildsample.de\/en\/","name":"Wild Sample Coaching","description":"Artificial Intelligence for actors","potentialAction":[{"@type":"SearchAction","target":{"@type":"EntryPoint","urlTemplate":"https:\/\/wildsample.de\/en\/?s={search_term_string}"},"query-input":{"@type":"PropertyValueSpecification","valueRequired":true,"valueName":"search_term_string"}}],"inLanguage":"en-US"}]}},"_links":{"self":[{"href":"https:\/\/wildsample.de\/en\/wp-json\/wp\/v2\/product\/4063","targetHints":{"allow":["GET"]}}],"collection":[{"href":"https:\/\/wildsample.de\/en\/wp-json\/wp\/v2\/product"}],"about":[{"href":"https:\/\/wildsample.de\/en\/wp-json\/wp\/v2\/types\/product"}],"replies":[{"embeddable":true,"href":"https:\/\/wildsample.de\/en\/wp-json\/wp\/v2\/comments?post=4063"}],"wp:featuredmedia":[{"embeddable":true,"href":"https:\/\/wildsample.de\/en\/wp-json\/wp\/v2\/media\/4064"}],"wp:attachment":[{"href":"https:\/\/wildsample.de\/en\/wp-json\/wp\/v2\/media?parent=4063"}],"wp:term":[{"taxonomy":"product_brand","embeddable":true,"href":"https:\/\/wildsample.de\/en\/wp-json\/wp\/v2\/product_brand?post=4063"},{"taxonomy":"product_cat","embeddable":true,"href":"https:\/\/wildsample.de\/en\/wp-json\/wp\/v2\/product_cat?post=4063"},{"taxonomy":"product_tag","embeddable":true,"href":"https:\/\/wildsample.de\/en\/wp-json\/wp\/v2\/product_tag?post=4063"}],"curies":[{"name":"wp","href":"https:\/\/api.w.org\/{rel}","templated":true}]}}