{"id":3853,"date":"2024-12-04T21:38:47","date_gmt":"2024-12-04T20:38:47","guid":{"rendered":"https:\/\/wildsample.de\/?post_type=product&#038;p=3853"},"modified":"2025-12-11T15:24:53","modified_gmt":"2025-12-11T14:24:53","slug":"recast-your-mind-box-die-coaching-to-go-hilfe","status":"publish","type":"product","link":"https:\/\/wildsample.de\/en\/produkt\/recast-your-mind-box-die-coaching-to-go-hilfe\/","title":{"rendered":"RECAST YOUR MIND BOX &#8211; Die Coaching To-Go Hilfe"},"content":{"rendered":"","protected":false},"excerpt":{"rendered":"<h3><strong>Recast Your Mind \u2013 die Coaching To-Go Box f\u00fcr Schauspieler*innen.<br \/>\nDie 2. Auflage ist da!<br \/>\nF\u00fcr Bestellungen au\u00dferhalb Deutschlands schreibe mir bitte eine Email an attacke@wildsample.de.<\/strong><\/h3>\n<p>Letztes Jahr haben viele von euch an meiner Umfrage teilgenommen. Ich wollte verstehen, welche Sorgen euch plagen, was euch umtreibt und was ihr euch w\u00fcnscht.<br \/>\nTADAAAA! Aus all euren Hinweisen und meinen Erfahrungen in den letzten 15 Jahren habe ich das &#8220;Coaching To-Go&#8221; entwickelt: die Recast Your Mind-Box.<\/p>\n<p>60 Karten. 3 Kategorien. Unendlich viele M\u00f6glichkeiten:<\/p>\n<ul>\n<li><strong>Motivation<\/strong>: Gedanken, die dich antreiben.<\/li>\n<li><strong>Task<\/strong>: Kleine filmische \u00dcbungen, die dich ins Tun bringen.<\/li>\n<li><strong>Question<\/strong>: Ideen, die neue T\u00fcren \u00f6ffnen.<\/li>\n<\/ul>\n<p>Du ziehst eine Karte \u2013 und zack, du bist wieder drin.\u00a0<strong>Keine Blockade h\u00e4lt dagegen.<\/strong> Allein oder in Gruppe.<\/p>\n<p>\ud83d\udc49 Preis: 35\u20ac inkl. MwSt und Versand (innerhalb Deutschlands). F\u00fcr Versand au\u00dferhalb Deutschlands, sende mir bitte eine Email an attacke@wildsample.de<br \/>\nBestelle jetzt, damit du sicher eine Box erh\u00e4ltst. (pro advise: nimm 2, eine f\u00fcr dich und eine f\u00fcr einen Freund).<br \/>\n<i>First come first serve.<\/i><\/p>\n<hr \/>\n","protected":false},"featured_media":3897,"comment_status":"closed","ping_status":"closed","template":"","meta":[],"product_brand":[],"product_cat":[61,55],"product_tag":[],"class_list":{"0":"post-3853","1":"product","2":"type-product","3":"status-publish","4":"has-post-thumbnail","6":"product_cat-learning","7":"product_cat-wild-sample","9":"first","10":"instock","11":"taxable","12":"shipping-taxable","13":"purchasable","14":"product-type-simple"},"yoast_head":"<!-- This site is optimized with the Yoast SEO plugin v27.3 - https:\/\/yoast.com\/product\/yoast-seo-wordpress\/ -->\n<title>RECAST YOUR MIND BOX - Die Coaching To-Go Hilfe - Wild Sample Coaching<\/title>\n<meta name=\"description\" content=\"&quot;Recast Your Mind&quot;-Box: 60 Karten f\u00fcr Schauspieler*innen: Motivation, \u00dcbungen, Fragen. Die Coaching To-Go Hilfe. 35\u20ac inkl Versand und MwSt.\" \/>\n<meta name=\"robots\" content=\"index, follow, max-snippet:-1, max-image-preview:large, max-video-preview:-1\" \/>\n<link rel=\"canonical\" href=\"https:\/\/wildsample.de\/en\/produkt\/recast-your-mind-box-die-coaching-to-go-hilfe\/\" \/>\n<meta property=\"og:locale\" content=\"en_US\" \/>\n<meta property=\"og:type\" content=\"article\" \/>\n<meta property=\"og:title\" content=\"RECAST YOUR MIND BOX - Die Coaching To-Go Hilfe - Wild Sample Coaching\" \/>\n<meta property=\"og:description\" content=\"&quot;Recast Your Mind&quot;-Box: 60 Karten f\u00fcr Schauspieler*innen: Motivation, \u00dcbungen, Fragen. Die Coaching To-Go Hilfe. 35\u20ac inkl Versand und MwSt.\" \/>\n<meta property=\"og:url\" content=\"https:\/\/wildsample.de\/en\/produkt\/recast-your-mind-box-die-coaching-to-go-hilfe\/\" \/>\n<meta property=\"og:site_name\" content=\"Wild Sample Coaching\" \/>\n<meta property=\"article:modified_time\" content=\"2025-12-11T14:24:53+00:00\" \/>\n<meta property=\"og:image\" content=\"https:\/\/wildsample.de\/wp-content\/uploads\/2024\/12\/Box-12.jpg\" \/>\n\t<meta property=\"og:image:width\" content=\"1500\" \/>\n\t<meta property=\"og:image:height\" content=\"1501\" \/>\n\t<meta property=\"og:image:type\" content=\"image\/jpeg\" \/>\n<meta name=\"twitter:card\" content=\"summary_large_image\" \/>\n<meta name=\"twitter:label1\" content=\"Est. reading time\" \/>\n\t<meta name=\"twitter:data1\" content=\"1 minute\" \/>\n<script type=\"application\/ld+json\" class=\"yoast-schema-graph\">{\"@context\":\"https:\\\/\\\/schema.org\",\"@graph\":[{\"@type\":\"WebPage\",\"@id\":\"https:\\\/\\\/wildsample.de\\\/en\\\/produkt\\\/recast-your-mind-box-die-coaching-to-go-hilfe\\\/\",\"url\":\"https:\\\/\\\/wildsample.de\\\/en\\\/produkt\\\/recast-your-mind-box-die-coaching-to-go-hilfe\\\/\",\"name\":\"RECAST YOUR MIND BOX - Die Coaching To-Go Hilfe - Wild Sample Coaching\",\"isPartOf\":{\"@id\":\"https:\\\/\\\/wildsample.de\\\/en\\\/#website\"},\"primaryImageOfPage\":{\"@id\":\"https:\\\/\\\/wildsample.de\\\/en\\\/produkt\\\/recast-your-mind-box-die-coaching-to-go-hilfe\\\/#primaryimage\"},\"image\":{\"@id\":\"https:\\\/\\\/wildsample.de\\\/en\\\/produkt\\\/recast-your-mind-box-die-coaching-to-go-hilfe\\\/#primaryimage\"},\"thumbnailUrl\":\"https:\\\/\\\/wildsample.de\\\/wp-content\\\/uploads\\\/2024\\\/12\\\/Box-12.jpg\",\"datePublished\":\"2024-12-04T20:38:47+00:00\",\"dateModified\":\"2025-12-11T14:24:53+00:00\",\"description\":\"\\\"Recast Your Mind\\\"-Box: 60 Karten f\u00fcr Schauspieler*innen: Motivation, \u00dcbungen, Fragen. Die Coaching To-Go Hilfe. 35\u20ac inkl Versand und MwSt.\",\"breadcrumb\":{\"@id\":\"https:\\\/\\\/wildsample.de\\\/en\\\/produkt\\\/recast-your-mind-box-die-coaching-to-go-hilfe\\\/#breadcrumb\"},\"inLanguage\":\"en-US\",\"potentialAction\":[{\"@type\":\"ReadAction\",\"target\":[\"https:\\\/\\\/wildsample.de\\\/en\\\/produkt\\\/recast-your-mind-box-die-coaching-to-go-hilfe\\\/\"]}]},{\"@type\":\"ImageObject\",\"inLanguage\":\"en-US\",\"@id\":\"https:\\\/\\\/wildsample.de\\\/en\\\/produkt\\\/recast-your-mind-box-die-coaching-to-go-hilfe\\\/#primaryimage\",\"url\":\"https:\\\/\\\/wildsample.de\\\/wp-content\\\/uploads\\\/2024\\\/12\\\/Box-12.jpg\",\"contentUrl\":\"https:\\\/\\\/wildsample.de\\\/wp-content\\\/uploads\\\/2024\\\/12\\\/Box-12.jpg\",\"width\":1500,\"height\":1501,\"caption\":\"Coaching To-Go f\u00fcr Schauspieler*innen. 60 Karten in 3 Rubriken: Question, Motivation und Aufgabe.\"},{\"@type\":\"BreadcrumbList\",\"@id\":\"https:\\\/\\\/wildsample.de\\\/en\\\/produkt\\\/recast-your-mind-box-die-coaching-to-go-hilfe\\\/#breadcrumb\",\"itemListElement\":[{\"@type\":\"ListItem\",\"position\":1,\"name\":\"Startseite\",\"item\":\"https:\\\/\\\/wildsample.de\\\/en\\\/make-a-sample\\\/\"},{\"@type\":\"ListItem\",\"position\":2,\"name\":\"Store\",\"item\":\"https:\\\/\\\/wildsample.de\\\/en\\\/shop-3\\\/\"},{\"@type\":\"ListItem\",\"position\":3,\"name\":\"RECAST YOUR MIND BOX &#8211; Die Coaching To-Go Hilfe\"}]},{\"@type\":\"WebSite\",\"@id\":\"https:\\\/\\\/wildsample.de\\\/en\\\/#website\",\"url\":\"https:\\\/\\\/wildsample.de\\\/en\\\/\",\"name\":\"Wild Sample Coaching\",\"description\":\"Artificial Intelligence for actors\",\"potentialAction\":[{\"@type\":\"SearchAction\",\"target\":{\"@type\":\"EntryPoint\",\"urlTemplate\":\"https:\\\/\\\/wildsample.de\\\/en\\\/?s={search_term_string}\"},\"query-input\":{\"@type\":\"PropertyValueSpecification\",\"valueRequired\":true,\"valueName\":\"search_term_string\"}}],\"inLanguage\":\"en-US\"}]}<\/script>\n<!-- \/ Yoast SEO plugin. -->","yoast_head_json":{"title":"RECAST YOUR MIND BOX - Die Coaching To-Go Hilfe - Wild Sample Coaching","description":"\"Recast Your Mind\"-Box: 60 Karten f\u00fcr Schauspieler*innen: Motivation, \u00dcbungen, Fragen. Die Coaching To-Go Hilfe. 35\u20ac inkl Versand und MwSt.","robots":{"index":"index","follow":"follow","max-snippet":"max-snippet:-1","max-image-preview":"max-image-preview:large","max-video-preview":"max-video-preview:-1"},"canonical":"https:\/\/wildsample.de\/en\/produkt\/recast-your-mind-box-die-coaching-to-go-hilfe\/","og_locale":"en_US","og_type":"article","og_title":"RECAST YOUR MIND BOX - Die Coaching To-Go Hilfe - Wild Sample Coaching","og_description":"\"Recast Your Mind\"-Box: 60 Karten f\u00fcr Schauspieler*innen: Motivation, \u00dcbungen, Fragen. Die Coaching To-Go Hilfe. 35\u20ac inkl Versand und MwSt.","og_url":"https:\/\/wildsample.de\/en\/produkt\/recast-your-mind-box-die-coaching-to-go-hilfe\/","og_site_name":"Wild Sample Coaching","article_modified_time":"2025-12-11T14:24:53+00:00","og_image":[{"width":1500,"height":1501,"url":"https:\/\/wildsample.de\/wp-content\/uploads\/2024\/12\/Box-12.jpg","type":"image\/jpeg"}],"twitter_card":"summary_large_image","twitter_misc":{"Est. reading time":"1 minute"},"schema":{"@context":"https:\/\/schema.org","@graph":[{"@type":"WebPage","@id":"https:\/\/wildsample.de\/en\/produkt\/recast-your-mind-box-die-coaching-to-go-hilfe\/","url":"https:\/\/wildsample.de\/en\/produkt\/recast-your-mind-box-die-coaching-to-go-hilfe\/","name":"RECAST YOUR MIND BOX - Die Coaching To-Go Hilfe - Wild Sample Coaching","isPartOf":{"@id":"https:\/\/wildsample.de\/en\/#website"},"primaryImageOfPage":{"@id":"https:\/\/wildsample.de\/en\/produkt\/recast-your-mind-box-die-coaching-to-go-hilfe\/#primaryimage"},"image":{"@id":"https:\/\/wildsample.de\/en\/produkt\/recast-your-mind-box-die-coaching-to-go-hilfe\/#primaryimage"},"thumbnailUrl":"https:\/\/wildsample.de\/wp-content\/uploads\/2024\/12\/Box-12.jpg","datePublished":"2024-12-04T20:38:47+00:00","dateModified":"2025-12-11T14:24:53+00:00","description":"\"Recast Your Mind\"-Box: 60 Karten f\u00fcr Schauspieler*innen: Motivation, \u00dcbungen, Fragen. Die Coaching To-Go Hilfe. 35\u20ac inkl Versand und MwSt.","breadcrumb":{"@id":"https:\/\/wildsample.de\/en\/produkt\/recast-your-mind-box-die-coaching-to-go-hilfe\/#breadcrumb"},"inLanguage":"en-US","potentialAction":[{"@type":"ReadAction","target":["https:\/\/wildsample.de\/en\/produkt\/recast-your-mind-box-die-coaching-to-go-hilfe\/"]}]},{"@type":"ImageObject","inLanguage":"en-US","@id":"https:\/\/wildsample.de\/en\/produkt\/recast-your-mind-box-die-coaching-to-go-hilfe\/#primaryimage","url":"https:\/\/wildsample.de\/wp-content\/uploads\/2024\/12\/Box-12.jpg","contentUrl":"https:\/\/wildsample.de\/wp-content\/uploads\/2024\/12\/Box-12.jpg","width":1500,"height":1501,"caption":"Coaching To-Go f\u00fcr Schauspieler*innen. 60 Karten in 3 Rubriken: Question, Motivation und Aufgabe."},{"@type":"BreadcrumbList","@id":"https:\/\/wildsample.de\/en\/produkt\/recast-your-mind-box-die-coaching-to-go-hilfe\/#breadcrumb","itemListElement":[{"@type":"ListItem","position":1,"name":"Startseite","item":"https:\/\/wildsample.de\/en\/make-a-sample\/"},{"@type":"ListItem","position":2,"name":"Store","item":"https:\/\/wildsample.de\/en\/shop-3\/"},{"@type":"ListItem","position":3,"name":"RECAST YOUR MIND BOX &#8211; Die Coaching To-Go Hilfe"}]},{"@type":"WebSite","@id":"https:\/\/wildsample.de\/en\/#website","url":"https:\/\/wildsample.de\/en\/","name":"Wild Sample Coaching","description":"Artificial Intelligence for actors","potentialAction":[{"@type":"SearchAction","target":{"@type":"EntryPoint","urlTemplate":"https:\/\/wildsample.de\/en\/?s={search_term_string}"},"query-input":{"@type":"PropertyValueSpecification","valueRequired":true,"valueName":"search_term_string"}}],"inLanguage":"en-US"}]}},"_links":{"self":[{"href":"https:\/\/wildsample.de\/en\/wp-json\/wp\/v2\/product\/3853","targetHints":{"allow":["GET"]}}],"collection":[{"href":"https:\/\/wildsample.de\/en\/wp-json\/wp\/v2\/product"}],"about":[{"href":"https:\/\/wildsample.de\/en\/wp-json\/wp\/v2\/types\/product"}],"replies":[{"embeddable":true,"href":"https:\/\/wildsample.de\/en\/wp-json\/wp\/v2\/comments?post=3853"}],"wp:featuredmedia":[{"embeddable":true,"href":"https:\/\/wildsample.de\/en\/wp-json\/wp\/v2\/media\/3897"}],"wp:attachment":[{"href":"https:\/\/wildsample.de\/en\/wp-json\/wp\/v2\/media?parent=3853"}],"wp:term":[{"taxonomy":"product_brand","embeddable":true,"href":"https:\/\/wildsample.de\/en\/wp-json\/wp\/v2\/product_brand?post=3853"},{"taxonomy":"product_cat","embeddable":true,"href":"https:\/\/wildsample.de\/en\/wp-json\/wp\/v2\/product_cat?post=3853"},{"taxonomy":"product_tag","embeddable":true,"href":"https:\/\/wildsample.de\/en\/wp-json\/wp\/v2\/product_tag?post=3853"}],"curies":[{"name":"wp","href":"https:\/\/api.w.org\/{rel}","templated":true}]}}