{"id":3654,"date":"2025-01-29T07:07:42","date_gmt":"2025-01-29T06:07:42","guid":{"rendered":"https:\/\/wildsample.de\/?post_type=product&#038;p=3654"},"modified":"2026-03-08T21:06:10","modified_gmt":"2026-03-08T20:06:10","slug":"self-tape-power-hour","status":"publish","type":"product","link":"https:\/\/wildsample.de\/en\/produkt\/self-tape-power-hour\/","title":{"rendered":"Self Tape Power Hour"},"content":{"rendered":"[vc_row type=&#8221;in_container&#8221; full_screen_row_position=&#8221;middle&#8221; column_margin=&#8221;default&#8221; column_direction=&#8221;default&#8221; column_direction_tablet=&#8221;default&#8221; column_direction_phone=&#8221;default&#8221; scene_position=&#8221;center&#8221; text_color=&#8221;dark&#8221; text_align=&#8221;left&#8221; row_border_radius=&#8221;none&#8221; row_border_radius_applies=&#8221;bg&#8221; row_position_desktop=&#8221;default&#8221; row_position_tablet=&#8221;inherit&#8221; row_position_phone=&#8221;inherit&#8221; overflow=&#8221;visible&#8221; overlay_strength=&#8221;0.3&#8243; gradient_direction=&#8221;left_to_right&#8221; shape_divider_position=&#8221;bottom&#8221; bg_image_animation=&#8221;none&#8221;][vc_column column_padding=&#8221;no-extra-padding&#8221; column_padding_tablet=&#8221;inherit&#8221; column_padding_phone=&#8221;inherit&#8221; column_padding_position=&#8221;all&#8221; flex_gap_desktop=&#8221;10px&#8221; column_element_direction_desktop=&#8221;default&#8221; column_element_spacing=&#8221;default&#8221; desktop_text_alignment=&#8221;default&#8221; tablet_text_alignment=&#8221;default&#8221; phone_text_alignment=&#8221;default&#8221; background_color_opacity=&#8221;1&#8243; background_hover_color_opacity=&#8221;1&#8243; column_backdrop_filter=&#8221;none&#8221; column_shadow=&#8221;none&#8221; column_border_radius=&#8221;none&#8221; column_link_target=&#8221;_self&#8221; column_position=&#8221;default&#8221; gradient_direction=&#8221;left_to_right&#8221; overlay_strength=&#8221;0.3&#8243; width=&#8221;1\/1&#8243; tablet_width_inherit=&#8221;default&#8221; animation_type=&#8221;default&#8221; bg_image_animation=&#8221;none&#8221; border_type=&#8221;simple&#8221; column_border_width=&#8221;none&#8221; column_border_style=&#8221;solid&#8221;][vc_column_text css=&#8221;&#8221; text_direction=&#8221;default&#8221;]\n<h3>Self Tape Power Hour!<\/h3>\n<p>Von 10-11 Uhr veranstalte ich Self Tape Action vom Feinsten: kurzes Einchecken per Zoom,<br \/>\ndefinieren, woran man arbeiten m\u00f6chte, eine kurze Szene bekommen und los gehts. Innerhalb der Power Hour nimmst du die Szene auf und schickst sie mir r\u00fcber. W\u00e4hrend der Session bin ich die ganze Zeit online und kann Fragen beantworten.<br \/>\nMein Feedback kommt innerhalb der n\u00e4chsten 5 Tage zu dir geflattert.<\/p>\n<p><b>DERZEIT GIBT ES KEINE TERMINE F\u00dcR DIE SELF TAPE POWER HOUR.<\/b>[\/vc_column_text][\/vc_column][\/vc_row]\n","protected":false},"excerpt":{"rendered":"<p><b>Aufstehen, Z\u00e4hne putzen und sofort ein Selftape aufnehmen?<br \/>\nJawohl. Ab sofort gibt es zweimal im Monat die<br \/>\n<\/b><\/p>\n<h3>Self Tape Power Hour!<\/h3>\n<p>Von 10-11 Uhr veranstalte ich Self Tape Action vom Feinsten: kurzes Einchecken per Zoom,<br \/>\ndefinieren, woran man arbeiten m\u00f6chte, eine kurze Szene bekommen und los gehts. Innerhalb der Power Hour nimmst du die Szene auf und schickst sie mir r\u00fcber. W\u00e4hrend der Session bin ich die ganze Zeit online und kann Fragen beantworten.<br \/>\nMein Feedback kommt innerhalb der n\u00e4chsten 5 Tage zu dir geflattert.<\/p>\n<p><b>DERZEIT GIBT ES KEINE TERMINE F\u00dcR DIE SELF TAPE POWER HOUR!<\/b><\/p>\n","protected":false},"featured_media":3655,"comment_status":"closed","ping_status":"closed","template":"","meta":[],"product_brand":[],"product_cat":[61,53,55],"product_tag":[],"class_list":{"0":"post-3654","1":"product","2":"type-product","3":"status-publish","4":"has-post-thumbnail","6":"product_cat-learning","7":"product_cat-online-class","8":"product_cat-wild-sample","10":"first","11":"outofstock","12":"virtual","13":"taxable","14":"purchasable","15":"product-type-simple"},"yoast_head":"<!-- This site is optimized with the Yoast SEO plugin v27.3 - https:\/\/yoast.com\/product\/yoast-seo-wordpress\/ -->\n<title>Self Tape Power Hour - Wild Sample Coaching<\/title>\n<meta name=\"robots\" content=\"index, follow, max-snippet:-1, max-image-preview:large, max-video-preview:-1\" \/>\n<link rel=\"canonical\" href=\"https:\/\/wildsample.de\/en\/produkt\/self-tape-power-hour\/\" \/>\n<meta property=\"og:locale\" content=\"en_US\" \/>\n<meta property=\"og:type\" content=\"article\" \/>\n<meta property=\"og:title\" content=\"Self Tape Power Hour - Wild Sample Coaching\" \/>\n<meta property=\"og:description\" content=\"Aufstehen, Z\u00e4hne putzen und sofort ein Selftape aufnehmen? Jawohl. Ab sofort gibt es zweimal im Monat die  Self Tape Power Hour! Von 10-11 Uhr veranstalte ich Self Tape Action vom Feinsten: kurzes Einchecken per Zoom, definieren, woran man arbeiten m\u00f6chte, eine kurze Szene bekommen und los gehts. Innerhalb der Power Hour nimmst du die Szene auf und schickst sie mir r\u00fcber. W\u00e4hrend der Session bin ich die ganze Zeit online und kann Fragen beantworten. Mein Feedback kommt innerhalb der n\u00e4chsten 5 Tage zu dir geflattert.  DERZEIT GIBT ES KEINE TERMINE F\u00dcR DIE SELF TAPE POWER HOUR!\" \/>\n<meta property=\"og:url\" content=\"https:\/\/wildsample.de\/en\/produkt\/self-tape-power-hour\/\" \/>\n<meta property=\"og:site_name\" content=\"Wild Sample Coaching\" \/>\n<meta property=\"article:modified_time\" content=\"2026-03-08T20:06:10+00:00\" \/>\n<meta property=\"og:image\" content=\"https:\/\/wildsample.de\/wp-content\/uploads\/2024\/05\/self-tape.png\" \/>\n\t<meta property=\"og:image:width\" content=\"3333\" \/>\n\t<meta property=\"og:image:height\" content=\"3333\" \/>\n\t<meta property=\"og:image:type\" content=\"image\/png\" \/>\n<meta name=\"twitter:card\" content=\"summary_large_image\" \/>\n<meta name=\"twitter:label1\" content=\"Est. reading time\" \/>\n\t<meta name=\"twitter:data1\" content=\"1 minute\" \/>\n<script type=\"application\/ld+json\" class=\"yoast-schema-graph\">{\"@context\":\"https:\\\/\\\/schema.org\",\"@graph\":[{\"@type\":\"WebPage\",\"@id\":\"https:\\\/\\\/wildsample.de\\\/en\\\/produkt\\\/self-tape-power-hour\\\/\",\"url\":\"https:\\\/\\\/wildsample.de\\\/en\\\/produkt\\\/self-tape-power-hour\\\/\",\"name\":\"Self Tape Power Hour - Wild Sample Coaching\",\"isPartOf\":{\"@id\":\"https:\\\/\\\/wildsample.de\\\/en\\\/#website\"},\"primaryImageOfPage\":{\"@id\":\"https:\\\/\\\/wildsample.de\\\/en\\\/produkt\\\/self-tape-power-hour\\\/#primaryimage\"},\"image\":{\"@id\":\"https:\\\/\\\/wildsample.de\\\/en\\\/produkt\\\/self-tape-power-hour\\\/#primaryimage\"},\"thumbnailUrl\":\"https:\\\/\\\/wildsample.de\\\/wp-content\\\/uploads\\\/2024\\\/05\\\/self-tape.png\",\"datePublished\":\"2025-01-29T06:07:42+00:00\",\"dateModified\":\"2026-03-08T20:06:10+00:00\",\"breadcrumb\":{\"@id\":\"https:\\\/\\\/wildsample.de\\\/en\\\/produkt\\\/self-tape-power-hour\\\/#breadcrumb\"},\"inLanguage\":\"en-US\",\"potentialAction\":[{\"@type\":\"ReadAction\",\"target\":[\"https:\\\/\\\/wildsample.de\\\/en\\\/produkt\\\/self-tape-power-hour\\\/\"]}]},{\"@type\":\"ImageObject\",\"inLanguage\":\"en-US\",\"@id\":\"https:\\\/\\\/wildsample.de\\\/en\\\/produkt\\\/self-tape-power-hour\\\/#primaryimage\",\"url\":\"https:\\\/\\\/wildsample.de\\\/wp-content\\\/uploads\\\/2024\\\/05\\\/self-tape.png\",\"contentUrl\":\"https:\\\/\\\/wildsample.de\\\/wp-content\\\/uploads\\\/2024\\\/05\\\/self-tape.png\",\"width\":3333,\"height\":3333,\"caption\":\"Self Tape Power Hour Produktbild\"},{\"@type\":\"BreadcrumbList\",\"@id\":\"https:\\\/\\\/wildsample.de\\\/en\\\/produkt\\\/self-tape-power-hour\\\/#breadcrumb\",\"itemListElement\":[{\"@type\":\"ListItem\",\"position\":1,\"name\":\"Startseite\",\"item\":\"https:\\\/\\\/wildsample.de\\\/en\\\/make-a-sample\\\/\"},{\"@type\":\"ListItem\",\"position\":2,\"name\":\"Store\",\"item\":\"https:\\\/\\\/wildsample.de\\\/en\\\/shop-3\\\/\"},{\"@type\":\"ListItem\",\"position\":3,\"name\":\"Self Tape Power Hour\"}]},{\"@type\":\"WebSite\",\"@id\":\"https:\\\/\\\/wildsample.de\\\/en\\\/#website\",\"url\":\"https:\\\/\\\/wildsample.de\\\/en\\\/\",\"name\":\"Wild Sample Coaching\",\"description\":\"Artificial Intelligence for actors\",\"potentialAction\":[{\"@type\":\"SearchAction\",\"target\":{\"@type\":\"EntryPoint\",\"urlTemplate\":\"https:\\\/\\\/wildsample.de\\\/en\\\/?s={search_term_string}\"},\"query-input\":{\"@type\":\"PropertyValueSpecification\",\"valueRequired\":true,\"valueName\":\"search_term_string\"}}],\"inLanguage\":\"en-US\"}]}<\/script>\n<!-- \/ Yoast SEO plugin. -->","yoast_head_json":{"title":"Self Tape Power Hour - Wild Sample Coaching","robots":{"index":"index","follow":"follow","max-snippet":"max-snippet:-1","max-image-preview":"max-image-preview:large","max-video-preview":"max-video-preview:-1"},"canonical":"https:\/\/wildsample.de\/en\/produkt\/self-tape-power-hour\/","og_locale":"en_US","og_type":"article","og_title":"Self Tape Power Hour - Wild Sample Coaching","og_description":"Aufstehen, Z\u00e4hne putzen und sofort ein Selftape aufnehmen? Jawohl. Ab sofort gibt es zweimal im Monat die  Self Tape Power Hour! Von 10-11 Uhr veranstalte ich Self Tape Action vom Feinsten: kurzes Einchecken per Zoom, definieren, woran man arbeiten m\u00f6chte, eine kurze Szene bekommen und los gehts. Innerhalb der Power Hour nimmst du die Szene auf und schickst sie mir r\u00fcber. W\u00e4hrend der Session bin ich die ganze Zeit online und kann Fragen beantworten. Mein Feedback kommt innerhalb der n\u00e4chsten 5 Tage zu dir geflattert.  DERZEIT GIBT ES KEINE TERMINE F\u00dcR DIE SELF TAPE POWER HOUR!","og_url":"https:\/\/wildsample.de\/en\/produkt\/self-tape-power-hour\/","og_site_name":"Wild Sample Coaching","article_modified_time":"2026-03-08T20:06:10+00:00","og_image":[{"width":3333,"height":3333,"url":"https:\/\/wildsample.de\/wp-content\/uploads\/2024\/05\/self-tape.png","type":"image\/png"}],"twitter_card":"summary_large_image","twitter_misc":{"Est. reading time":"1 minute"},"schema":{"@context":"https:\/\/schema.org","@graph":[{"@type":"WebPage","@id":"https:\/\/wildsample.de\/en\/produkt\/self-tape-power-hour\/","url":"https:\/\/wildsample.de\/en\/produkt\/self-tape-power-hour\/","name":"Self Tape Power Hour - Wild Sample Coaching","isPartOf":{"@id":"https:\/\/wildsample.de\/en\/#website"},"primaryImageOfPage":{"@id":"https:\/\/wildsample.de\/en\/produkt\/self-tape-power-hour\/#primaryimage"},"image":{"@id":"https:\/\/wildsample.de\/en\/produkt\/self-tape-power-hour\/#primaryimage"},"thumbnailUrl":"https:\/\/wildsample.de\/wp-content\/uploads\/2024\/05\/self-tape.png","datePublished":"2025-01-29T06:07:42+00:00","dateModified":"2026-03-08T20:06:10+00:00","breadcrumb":{"@id":"https:\/\/wildsample.de\/en\/produkt\/self-tape-power-hour\/#breadcrumb"},"inLanguage":"en-US","potentialAction":[{"@type":"ReadAction","target":["https:\/\/wildsample.de\/en\/produkt\/self-tape-power-hour\/"]}]},{"@type":"ImageObject","inLanguage":"en-US","@id":"https:\/\/wildsample.de\/en\/produkt\/self-tape-power-hour\/#primaryimage","url":"https:\/\/wildsample.de\/wp-content\/uploads\/2024\/05\/self-tape.png","contentUrl":"https:\/\/wildsample.de\/wp-content\/uploads\/2024\/05\/self-tape.png","width":3333,"height":3333,"caption":"Self Tape Power Hour Produktbild"},{"@type":"BreadcrumbList","@id":"https:\/\/wildsample.de\/en\/produkt\/self-tape-power-hour\/#breadcrumb","itemListElement":[{"@type":"ListItem","position":1,"name":"Startseite","item":"https:\/\/wildsample.de\/en\/make-a-sample\/"},{"@type":"ListItem","position":2,"name":"Store","item":"https:\/\/wildsample.de\/en\/shop-3\/"},{"@type":"ListItem","position":3,"name":"Self Tape Power Hour"}]},{"@type":"WebSite","@id":"https:\/\/wildsample.de\/en\/#website","url":"https:\/\/wildsample.de\/en\/","name":"Wild Sample Coaching","description":"Artificial Intelligence for actors","potentialAction":[{"@type":"SearchAction","target":{"@type":"EntryPoint","urlTemplate":"https:\/\/wildsample.de\/en\/?s={search_term_string}"},"query-input":{"@type":"PropertyValueSpecification","valueRequired":true,"valueName":"search_term_string"}}],"inLanguage":"en-US"}]}},"_links":{"self":[{"href":"https:\/\/wildsample.de\/en\/wp-json\/wp\/v2\/product\/3654","targetHints":{"allow":["GET"]}}],"collection":[{"href":"https:\/\/wildsample.de\/en\/wp-json\/wp\/v2\/product"}],"about":[{"href":"https:\/\/wildsample.de\/en\/wp-json\/wp\/v2\/types\/product"}],"replies":[{"embeddable":true,"href":"https:\/\/wildsample.de\/en\/wp-json\/wp\/v2\/comments?post=3654"}],"wp:featuredmedia":[{"embeddable":true,"href":"https:\/\/wildsample.de\/en\/wp-json\/wp\/v2\/media\/3655"}],"wp:attachment":[{"href":"https:\/\/wildsample.de\/en\/wp-json\/wp\/v2\/media?parent=3654"}],"wp:term":[{"taxonomy":"product_brand","embeddable":true,"href":"https:\/\/wildsample.de\/en\/wp-json\/wp\/v2\/product_brand?post=3654"},{"taxonomy":"product_cat","embeddable":true,"href":"https:\/\/wildsample.de\/en\/wp-json\/wp\/v2\/product_cat?post=3654"},{"taxonomy":"product_tag","embeddable":true,"href":"https:\/\/wildsample.de\/en\/wp-json\/wp\/v2\/product_tag?post=3654"}],"curies":[{"name":"wp","href":"https:\/\/api.w.org\/{rel}","templated":true}]}}